{"id":1523,"date":"2023-08-04T17:01:39","date_gmt":"2023-08-04T15:01:39","guid":{"rendered":"https:\/\/xilavogados.com\/consulta\/"},"modified":"2026-01-23T09:01:43","modified_gmt":"2026-01-23T08:01:43","slug":"consulta","status":"publish","type":"page","link":"https:\/\/xilavogados.com\/gl\/consulta\/","title":{"rendered":"Consulta"},"content":{"rendered":"\t<div id=\"stack-953747822\" class=\"stack stack-col justify-start items-stretch\">\n\t\t\n\n\t<section class=\"section\" id=\"section_1631662269\">\n\t\t<div class=\"section-bg fill\" >\n\t\t\t<img loading=\"lazy\" decoding=\"async\" width=\"1919\" height=\"960\" src=\"https:\/\/xilavogados.com\/wp-content\/uploads\/Consulta-Xil_Avogados.jpg\" class=\"bg attachment-original size-original\" alt=\"\" \/>\t\t\t\t\t\t<div class=\"section-bg-overlay absolute fill\"><\/div>\n\t\t\t\n\n\t\t<\/div>\n\n\t\t\n\t<div class=\"ux-shape-divider ux-shape-divider--bottom ux-shape-divider--style-tilt\">\n\t\t<svg viewBox=\"0 0 1000 100\" xmlns=\"http:\/\/www.w3.org\/2000\/svg\" preserveAspectRatio=\"none\">\n\t<path class=\"ux-shape-fill\" d=\"M1000 100V0L-40 100H1000Z\"\/>\n<\/svg>\n\t<\/div>\n\n\t\t<div class=\"section-content relative\">\n\t\t\t\n<div class=\"row align-bottom\"  id=\"row-503762529\">\n\n\t<div id=\"col-401496364\" class=\"col medium-8 small-12 large-8\"  >\n\t\t\t\t<div class=\"col-inner\"  >\n\t\t\t\n\t\t\t\n<h1>Consulta<\/h1>\n\n<p><a title=\"Saber m\u00e1is\" href=\"#intro\" rel=\"noindex,nofollow\"><br \/>\n<\/a><br \/>\n\n\t\t<\/div>\n\t\t\t\t\n<style>\n#col-401496364 > .col-inner {\n  margin: 0px 0px 0px 0px;\n}\n@media (min-width:550px) {\n  #col-401496364 > .col-inner {\n    margin: 150px 0px 0px 0px;\n  }\n}\n<\/style>\n\t<\/div>\n\n\t\n\n\t<div id=\"col-1568035064\" class=\"col medium-4 small-12 large-4 small-col-first\"  >\n\t\t\t\t<div class=\"col-inner text-center\"  >\n\t\t\t\n\t\t\t\n\t\t<\/div>\n\t\t\t\t\t<\/div>\n\n\t\n<\/div>\n\t\t<\/div>\n\n\t\t\n<style>\n#section_1631662269 {\n  padding-top: 30px;\n  padding-bottom: 30px;\n  min-height: 500px;\n}\n#section_1631662269 .section-bg-overlay {\n  background-color: rgba(255, 213, 4, 0.5);\n}\n#section_1631662269 .section-bg img {\n  object-position: 50% 0%;\n}\n#section_1631662269 .ux-shape-divider--bottom svg {\n  height: 40px;\n  --divider-width: 100%;\n}\n<\/style>\n\t<\/section>\n\t\n\n\t<section class=\"section\" id=\"section_668901154\">\n\t\t<div class=\"section-bg fill\" >\n\t\t\t\t\t\t\t\t\t\n\t\t\t\n\n\t\t<\/div>\n\n\t\t\n\n\t\t<div class=\"section-content relative\">\n\t\t\t\n<div class=\"row\"  id=\"row-1126075966\">\n\n\t<div id=\"col-409961969\" class=\"col small-12 large-12\"  >\n\t\t\t\t<div class=\"col-inner\"  >\n\t\t\t\n\t\t\t\n\n<p><small style=\"color: var(--secondary-color);\">\u25a0 <span><span><a href=\"https:\/\/xilavogados.com\/gl\/\">Xil Avogados<\/a><\/span><\/span><\/small><br \/>\n\n<span class=\"scroll-to\" data-label=\"Scroll to: #intro\" data-bullet=\"false\" data-link=\"#intro\" data-title=\"#intro\"><a name=\"intro\"><\/a><\/span>\n<div class=\"is-divider divider clearfix\" style=\"max-width:100%;height:1px;background-color:rgb(255, 213, 4);\"><\/div>\n\t\t<\/div>\n\t\t\t\t\t<\/div>\n\n\t\n<\/div>\n\t\t<\/div>\n\n\t\t\n<style>\n#section_668901154 {\n  padding-top: 30px;\n  padding-bottom: 30px;\n}\n<\/style>\n\t<\/section>\n\t\n\t\t\n<style>\n#stack-953747822 > * {\n  --stack-gap: 0rem;\n}\n<\/style>\n\t<\/div>\n\t\n\n\t<section class=\"section\" id=\"section_254455074\">\n\t\t<div class=\"section-bg fill\" >\n\t\t\t\t\t\t\t\t\t\n\t\t\t\n\n\t\t<\/div>\n\n\t\t\n\n\t\t<div class=\"section-content relative\">\n\t\t\t\n<div class=\"row align-equal\"  id=\"row-1666172454\">\n\n\t<div id=\"col-1486309466\" class=\"col medium-6 small-12 large-6\"  >\n\t\t\t\t<div class=\"col-inner\"  >\n\t\t\t\n\t\t\t\n<h2>\u00bfPrecisas facer unha consulta xur\u00eddica?<\/h2>\n<div class=\"row pegado\"  id=\"row-1527025170\">\n\n\n\t<div id=\"col-1087011743\" class=\"col small-12 large-12\"  >\n\t\t\t\t<div class=\"col-inner\"  >\n\t\t\t\n\t\t\t\n\n<div class=\"pricing-table-wrapper\">\n  <div class=\"pricing-table ux_price_table text-center tabla-precio featured-table\">\n    <div class=\"pricing-table-header\">\n      <div class=\"title uppercase strong\">Consulta a un avogado<\/div>\n      <div class=\"price is-xxlarge\">20\u20ac<\/div>\n              <div class=\"description is-small\">\n          (iva inclu\u00eddo)        <\/div>\n          <\/div>\n    <div class=\"pricing-table-items items\">\n      \n\n<a href=\"#calendario\" class=\"button secondary is-outline lowercase\" rel=\"nofollow\" >\n\t\t<span>Reservar agora<\/span>\n\t<\/a>\n\n\n\n    <\/div>\n      <\/div>\n<\/div>\n\n\n\n\t\t<\/div>\n\t\t\t\t\n<style>\n#col-1087011743 > .col-inner {\n  padding: 40px 0px 0px 0px;\n}\n@media (min-width:550px) {\n  #col-1087011743 > .col-inner {\n    padding: 10px 0px 10px 0px;\n  }\n}\n<\/style>\n\t<\/div>\n\n\t\n\n\t<div id=\"col-146910072\" class=\"col medium-4 small-12 large-4\"  >\n\t\t\t\t<div class=\"col-inner\"  >\n\t\t\t\n\t\t\t\n\n\n\t\t<\/div>\n\t\t\t\t\t<\/div>\n\n\t\n\n<\/div>\n\t\t<\/div>\n\t\t\t\t\t<\/div>\n\n\t\n\n\t<div id=\"col-28776923\" class=\"col medium-6 small-12 large-6\"  >\n\t\t\t\t<div class=\"col-inner\"  >\n\t\t\t\n\t\t\t\n<p class=\"lead\">Resolve as t\u00faas d\u00fabidas legais e solicita a t\u00faa consulta agora<\/p>\n<p>\u00c1s veces, plant\u00e9xannos cuesti\u00f3ns ou d\u00fabidas legais que xeran incerteza e confusi\u00f3n.<br \/>\nO interesante, ademais, \u00e9 anticiparse aos problemas, recibir a informaci\u00f3n dun profesional e, desta maneira, tomar a mellor decisi\u00f3n ou, polo menos, unha decisi\u00f3n informada. <\/p>\n<p>Reserva <strong>1\/2 hora de consulta<\/strong> (presencial ou a trav\u00e9s de videoconferencia) e recibe unha primeira valoraci\u00f3n sobre o teu caso ou problema xur\u00eddico.<\/p>\n\t\t<\/div>\n\t\t\t\t\t<\/div>\n\n\t\n<\/div>\n\t\t<\/div>\n\n\t\t\n<style>\n#section_254455074 {\n  padding-top: 0px;\n  padding-bottom: 0px;\n}\n<\/style>\n\t<\/section>\n\t\n<p>\n\t<section class=\"section has-parallax\" id=\"section_1005840626\">\n\t\t<div class=\"section-bg fill\" data-parallax-container=\".section\" data-parallax-background data-parallax=\"-2\">\n\t\t\t<img loading=\"lazy\" decoding=\"async\" width=\"1920\" height=\"960\" src=\"https:\/\/xilavogados.com\/wp-content\/uploads\/Divisor-Xil_Avogados.jpg\" class=\"bg attachment-original size-original\" alt=\"\" \/>\t\t\t\t\t\t<div class=\"section-bg-overlay absolute fill\"><\/div>\n\t\t\t\n\n\t\t<\/div>\n\n\t\t\n\n\t\t<div class=\"section-content relative\">\n\t\t\t<\/p>\n<p><div class=\"row\"  id=\"row-44961229\"><\/p>\n<p>\n\t<div id=\"col-656115840\" class=\"col medium-4 small-12 large-4\"  >\n\t\t\t\t<div class=\"col-inner\"  >\n\t\t\t\n\t\t\t<\/p>\n<p>\t\t<\/div>\n\t\t\t\t\t<\/div>\n\n\t<br \/>\n\n\t<div id=\"col-558174681\" class=\"col medium-4 small-12 large-4\"  >\n\t\t\t\t<div class=\"col-inner text-center\"  >\n\t\t\t\n\t\t\t<\/p>\n<p>\t<div class=\"img has-hover x md-x lg-x y md-y lg-y\" id=\"image_519636293\">\n\t\t\t\t\t\t\t\t<div class=\"img-inner dark\" >\n\t\t\t<img decoding=\"async\" src=\"https:\/\/xilavogados.com\/wp-content\/uploads\/xil-avogados-logo.svg\" class=\"attachment-original size-original\" alt=\"\" \/>\t\t\t\t\t\t\n\t\t\t\t\t<\/div>\n\t\t\t\t\t\t\t\t\n<style>\n#image_519636293 {\n  width: 100%;\n}\n<\/style>\n\t<\/div>\n\t<\/p>\n<p>\t\t<\/div>\n\t\t\t\t\t<\/div>\n\n\t<br \/>\n\n\t<div id=\"col-1836089482\" class=\"col medium-4 small-12 large-4\"  >\n\t\t\t\t<div class=\"col-inner\"  >\n\t\t\t\n\t\t\t<\/p>\n<p>\t\t<\/div>\n\t\t\t\t\t<\/div>\n\n\t<\/p>\n<p><\/div><\/p>\n<p>\t\t<\/div>\n\n\t\t\n<style>\n#section_1005840626 {\n  padding-top: 0px;\n  padding-bottom: 0px;\n  min-height: 400px;\n}\n#section_1005840626 .section-bg-overlay {\n  background-color: rgba(255, 213, 4, 0.5);\n}\n<\/style>\n\t<\/section>\n\t<\/p>\n\n<div class=\"row align-equal\"  id=\"row-871783462\">\n\n\n\t<div id=\"col-2110648617\" class=\"col hide-for-small medium-2 small-12 large-2\"  >\n\t\t\t\t<div class=\"col-inner\"  >\n\t\t\t\n\t\t\t\n\n\n\t\t<\/div>\n\t\t\t\t\t<\/div>\n\n\t\n\n\t<div id=\"col-1896408180\" class=\"col medium-8 small-12 large-8\"  >\n\t\t\t\t<div class=\"col-inner\"  >\n\t\t\t\n\t\t\t\n\n<h2 id=\"calendario\">Reserva a t\u00faa cita<\/h2>\n\t<div id=\"gap-231303100\" class=\"gap-element clearfix\" style=\"display:block; height:auto;\">\n\t\t\n<style>\n#gap-231303100 {\n  padding-top: 50px;\n}\n<\/style>\n\t<\/div>\n\t\n\n<p><style>\r\n    .bookme-form-error,\r\n    .bookme-steps > li,\r\n    .bookme-steps > li.bookme-steps-is-active:before,\r\n    .bookme-modal a {\r\n        color: #FFD504 !important;\r\n    }\r\n\r\n    .bookme-booking-form .bookme-error,\r\n    .bookme-steps > li:before,\r\n    .bookme-steps > li.bookme-steps-is-active:before {\r\n        border-color: #FFD504 !important;\r\n    }\r\n\r\n    .bookme-button,\r\n    .bookme-booking-form .bookme-box-loader .bookme-loader:after,\r\n    .bookme-booking-form .bookme-calendar.bookme-loader:after,\r\n    .bookme-steps > li:before,\r\n    .bookme-steps > li:after{\r\n        background-color: #FFD504 !important;\r\n    }\r\n\r\n    .clndr .clndr-controls,\r\n    .clndr .clndr-table tr .day:hover,\r\n    .clndr .clndr-table tr .day.selected.event,\r\n    .clndr .clndr-table tr .next-month:hover,\r\n    .clndr .clndr-table tr .day.selected {\r\n        background-color: #FFD504;\r\n    }\r\n\r\n    .bookme-button,\r\n    .bookme-steps > li:before{\r\n        color: #2E2E3A !important;\r\n    }\r\n\r\n    .clndr .clndr-controls .clndr-month,\r\n    .clndr .clndr-controls .clndr-control-button span,\r\n    .clndr .clndr-table tr .day:hover,\r\n    .clndr .clndr-table tr .day.selected.event,\r\n    .clndr .clndr-table tr .day.selected,\r\n    .clndr .clndr-table tr .day .selected .event .day-contents {\r\n        color: #2E2E3A;\r\n    }\r\n\r\n    .bookme-booking-form .bookme-loader:after {\r\n        background-color: #2E2E3A !important;\r\n    }\r\n    \r\n    .bookme-steps > li.bookme-steps-is-active:before {\r\n        background-color: transparent !important;\r\n    }\r\n<\/style>\r\n<div id=\"bookme-booking-form-69e375d3c2a7f\" class=\"bookme-booking-form\" data-form_id=\"69e375d3c2a7f\"><div class=\"bookme-box-loader\"><div class=\"bookme-loader\"><\/div><\/div><\/div>\r\n<script>\r\n    (function ($) {\r\n        window.bookme(\r\n            \"69e375d3c2a7f\",\r\n            {\"category_id\":1,\"service_id\":1,\"staff_member_id\":1,\"hide_categories\":true,\"hide_services\":false,\"hide_staff_members\":true,\"show_number_of_persons\":false,\"show_service_duration\":true},\r\n            {\"service_left\":0},\r\n            {\"status\":\"new\"}        );\r\n    })(jQuery);\r\n<\/script><\/p>\n\n\t\t<\/div>\n\t\t\t\t\n<style>\n#col-1896408180 > .col-inner {\n  padding: 50px 0px 50px 0px;\n}\n<\/style>\n\t<\/div>\n\n\t\n\n\t<div id=\"col-1198228291\" class=\"col hide-for-small medium-2 small-12 large-2\"  >\n\t\t\t\t<div class=\"col-inner\"  >\n\t\t\t\n\t\t\t\n\n\n\t\t<\/div>\n\t\t\t\t\t<\/div>\n\n\t\n\n<\/div>\n\n\t<section class=\"section\" id=\"section_1846973144\">\n\t\t<div class=\"section-bg fill\" >\n\t\t\t\t\t\t\t\t\t\n\t\t\t\n\n\t\t<\/div>\n\n\t\t\n\n\t\t<div class=\"section-content relative\">\n\t\t\t\n\n<div class=\"message-box relative dark\" style=\"padding-top:30px;padding-bottom:30px;\"><div class=\"message-box-bg-image bg-fill fill\" ><\/div><div class=\"message-box-bg-overlay bg-fill fill\" style=\"background-color:rgb(46, 46, 58);\"><\/div><div class=\"container relative\"><div class=\"inner last-reset\">\n\n<div class=\"row align-middle align-center\"  id=\"row-1531902496\">\n\n\n\t<div id=\"col-971234915\" class=\"col medium-8 small-12 large-8\"  >\n\t\t\t\t<div class=\"col-inner\"  >\n\t\t\t\n\t\t\t\n\n<h2>\u00bfNecesitas un avogado?<\/h2>\n<p>Conta coa mi\u00f1a experiencia e especializaci\u00f3n, e contacta agora co despacho. Recibe unha primeira valoraci\u00f3n sobre o teu caso. <\/p>\n\n\t\t<\/div>\n\t\t\t\t\t<\/div>\n\n\t\n\n\t<div id=\"col-212361723\" class=\"col medium-4 small-12 large-4\"  >\n\t\t\t\t<div class=\"col-inner text-right\"  >\n\t\t\t\n\t\t\t\n\n\t<div id=\"gap-268894977\" class=\"gap-element clearfix\" style=\"display:block; height:auto;\">\n\t\t\n<style>\n#gap-268894977 {\n  padding-top: 30px;\n}\n<\/style>\n\t<\/div>\n\t\n\n<a href=\"https:\/\/xilavogados.com\/gl\/contacto\/\" class=\"button white box-shadow-2-hover\" rel=\"nofollow\" >\n\t\t<span>Contacta agora<\/span>\n\t<\/a>\n\n\n\n\t\t<\/div>\n\t\t\t\t\t<\/div>\n\n\t\n\n<\/div>\n\n<\/div><\/div><\/div>\n\n\t\t<\/div>\n\n\t\t\n<style>\n#section_1846973144 {\n  padding-top: 30px;\n  padding-bottom: 30px;\n  background-color: rgb(255, 213, 4);\n}\n<\/style>\n\t<\/section>\n\t\n","protected":false},"excerpt":{"rendered":"","protected":false},"author":1,"featured_media":0,"parent":0,"menu_order":0,"comment_status":"closed","ping_status":"closed","template":"page-transparent-header.php","meta":{"footnotes":""},"class_list":["post-1523","page","type-page","status-publish","hentry"],"_links":{"self":[{"href":"https:\/\/xilavogados.com\/gl\/wp-json\/wp\/v2\/pages\/1523","targetHints":{"allow":["GET"]}}],"collection":[{"href":"https:\/\/xilavogados.com\/gl\/wp-json\/wp\/v2\/pages"}],"about":[{"href":"https:\/\/xilavogados.com\/gl\/wp-json\/wp\/v2\/types\/page"}],"author":[{"embeddable":true,"href":"https:\/\/xilavogados.com\/gl\/wp-json\/wp\/v2\/users\/1"}],"replies":[{"embeddable":true,"href":"https:\/\/xilavogados.com\/gl\/wp-json\/wp\/v2\/comments?post=1523"}],"version-history":[{"count":10,"href":"https:\/\/xilavogados.com\/gl\/wp-json\/wp\/v2\/pages\/1523\/revisions"}],"predecessor-version":[{"id":1787,"href":"https:\/\/xilavogados.com\/gl\/wp-json\/wp\/v2\/pages\/1523\/revisions\/1787"}],"wp:attachment":[{"href":"https:\/\/xilavogados.com\/gl\/wp-json\/wp\/v2\/media?parent=1523"}],"curies":[{"name":"wp","href":"https:\/\/api.w.org\/{rel}","templated":true}]}}