{"id":1559,"date":"2021-06-18T15:33:21","date_gmt":"2021-06-18T13:33:21","guid":{"rendered":"https:\/\/xilavogados.com\/aviso-legal\/"},"modified":"2026-02-27T14:44:47","modified_gmt":"2026-02-27T13:44:47","slug":"aviso-legal","status":"publish","type":"page","link":"https:\/\/xilavogados.com\/gl\/aviso-legal\/","title":{"rendered":"Aviso legal"},"content":{"rendered":"\t<div id=\"stack-674509326\" class=\"stack stack-col justify-start items-stretch\">\n\t\t\n\n\t<section class=\"section\" id=\"section_572388961\">\n\t\t<div class=\"section-bg fill\" >\n\t\t\t<img loading=\"lazy\" decoding=\"async\" width=\"1920\" height=\"960\" src=\"https:\/\/xilavogados.com\/wp-content\/uploads\/Textos_Legales-Xil_Avogados.jpg\" class=\"bg attachment-original size-original\" alt=\"\" \/>\t\t\t\t\t\t<div class=\"section-bg-overlay absolute fill\"><\/div>\n\t\t\t\n\n\t\t<\/div>\n\n\t\t\n\t<div class=\"ux-shape-divider ux-shape-divider--bottom ux-shape-divider--style-tilt\">\n\t\t<svg viewBox=\"0 0 1000 100\" xmlns=\"http:\/\/www.w3.org\/2000\/svg\" preserveAspectRatio=\"none\">\n\t<path class=\"ux-shape-fill\" d=\"M1000 100V0L-40 100H1000Z\"\/>\n<\/svg>\n\t<\/div>\n\n\t\t<div class=\"section-content relative\">\n\t\t\t\n<div class=\"row align-bottom\"  id=\"row-1187316672\">\n\n\t<div id=\"col-2058945379\" class=\"col medium-8 small-12 large-8\"  >\n\t\t\t\t<div class=\"col-inner\"  >\n\t\t\t\n\t\t\t\n<h1>Aviso legal<\/h1>\n\n<p><a href=\"#intro\" rel=\"noindex,nofollow\" title=\"Saber m\u00e1is\"><svg class=\"arrows\">\n<path class=\"a1\" d=\"M0 0 L30 32 L60 0\"><\/path>\n<path class=\"a2\" d=\"M0 20 L30 52 L60 20\"><\/path>\n<path class=\"a3\" d=\"M0 40 L30 72 L60 40\"><\/path>\n<\/svg><\/a><br \/>\n\n\t\t<\/div>\n\t\t\t\t\n<style>\n#col-2058945379 > .col-inner {\n  margin: 0px 0px 0px 0px;\n}\n@media (min-width:550px) {\n  #col-2058945379 > .col-inner {\n    margin: 150px 0px 0px 0px;\n  }\n}\n<\/style>\n\t<\/div>\n\n\t\n\n\t<div id=\"col-549974706\" class=\"col medium-4 small-12 large-4 small-col-first\"  >\n\t\t\t\t<div class=\"col-inner text-center\"  >\n\t\t\t\n\t\t\t\n\t\t<\/div>\n\t\t\t\t\t<\/div>\n\n\t\n<\/div>\n\t\t<\/div>\n\n\t\t\n<style>\n#section_572388961 {\n  padding-top: 30px;\n  padding-bottom: 30px;\n  min-height: 500px;\n}\n#section_572388961 .section-bg-overlay {\n  background-color: rgba(255, 213, 4, 0.5);\n}\n#section_572388961 .ux-shape-divider--bottom svg {\n  height: 40px;\n  --divider-width: 100%;\n}\n<\/style>\n\t<\/section>\n\t\n\n\t<section class=\"section\" id=\"section_1090238529\">\n\t\t<div class=\"section-bg fill\" >\n\t\t\t\t\t\t\t\t\t\n\t\t\t\n\n\t\t<\/div>\n\n\t\t\n\n\t\t<div class=\"section-content relative\">\n\t\t\t\n<div class=\"row\"  id=\"row-1494261151\">\n\n\t<div id=\"col-2008696233\" class=\"col small-12 large-12\"  >\n\t\t\t\t<div class=\"col-inner\"  >\n\t\t\t\n\t\t\t\n\n<p><small style=\"color: var(--secondary-color)\">\u25a0 <span><span><a href=\"https:\/\/xilavogados.com\/gl\/\">Xil Avogados<\/a><\/span><\/span><\/small><br \/>\n\n<span class=\"scroll-to\" data-label=\"Scroll to: #intro\" data-bullet=\"false\" data-link=\"#intro\" data-title=\"#intro\"><a name=\"intro\"><\/a><\/span>\n<div class=\"is-divider divider clearfix\" style=\"max-width:100%;height:1px;background-color:rgb(255, 213, 4);\"><\/div>\n\t\t<\/div>\n\t\t\t\t\t<\/div>\n\n\t\n<\/div>\n\t\t<\/div>\n\n\t\t\n<style>\n#section_1090238529 {\n  padding-top: 30px;\n  padding-bottom: 30px;\n}\n<\/style>\n\t<\/section>\n\t\n\t\t\n<style>\n#stack-674509326 > * {\n  --stack-gap: 0rem;\n}\n<\/style>\n\t<\/div>\n\t\n<div class=\"row\"  id=\"row-1743162381\">\n\n\t<div id=\"col-35243652\" class=\"col small-12 large-12\"  >\n\t\t\t\t<div class=\"col-inner\"  >\n\t\t\t\n\t\t\t\n<p>En este apartado se incluye informaci\u00f3n sobre las condiciones de acceso y utilizaci\u00f3n de este sitio web que deben ser conocidas por el usuario, a los efectos previstos en la Ley 34\/2002 de Servicios de la Sociedad de la Informaci\u00f3n y de Comercio Electr\u00f3nico.<\/p>\n<ul>\n<li>Titular: Xil Afonso L\u00f3pez P\u00e9rez<\/li>\n<li>CIF: 32803242K<\/li>\n<li>Domicilio social: R\u00faa da Ponte, n.\u00ba 3, 4.\u00ba A, da Pobra do Carami\u00f1al<\/li>\n<li>Direcci\u00f3n de correo electr\u00f3nico: xilafonte@gmail.com<\/li>\n<li>Tel\u00e9fono: 670704370<\/li>\n<li>Colexiado: ICACOR 1 944:<\/li>\n<\/ul>\n<p>Os avogados exercen a s\u00faa profesi\u00f3n de acordo co Estatuto Xeral da Avogac\u00eda Espa\u00f1ola e o C\u00f3digo Deontol\u00f3xico da Avogac\u00eda, que se poden consultar nas seguintes ligaz\u00f3ns:<\/p>\n<p><a href=\"https:\/\/www.boe.es\/buscar\/act.php?id=BOE-A-2021-4568\" target=\"_blank\" rel=\"noopener\">https:\/\/www.boe.es\/buscar\/act.php?id=BOE-A-2021-4568<\/a><br \/><a href=\"https:\/\/www.abogacia.es\/wp-content\/uploads\/2019\/05\/Codigo-Deontologico-2019.pdf\" target=\"_blank\" rel=\"noopener\">https:\/\/www.abogacia.es\/wp-content\/uploads\/2019\/05\/Codigo-Deontologico-2019.pdf<\/a><\/p>\n<h2>Condiciones de acceso a la web<\/h2>\n<p>La utilizaci\u00f3n de este sitio Web atribuye la condici\u00f3n de Usuario a quien lo haga e implica la aceptaci\u00f3n de todas las condiciones incluidas en este Aviso Legal. El Usuario deber\u00e1 leer estas condiciones cada vez que acceda a esta Web, ya que pueden ser modificadas en lo sucesivo. Algunos aspectos de este sitio Web, por su especialidad, pueden estar sujetos a condiciones o reglas particulares que pueden sustituir, completar o modificar este Aviso Legal, por lo que tambi\u00e9n deben ser aceptadas por el Usuario que los utilice o acceda a ellos.<\/p>\n<h2>Obligaci\u00f3n de hacer uso correcto del sitio web y los contenidos<\/h2>\n<p>Todos los contenidos de esta Web (textos, fotograf\u00edas, gr\u00e1ficos, im\u00e1genes, tecnolog\u00eda, software, links, contenidos audiovisuales o sonoros, dise\u00f1o gr\u00e1fico, c\u00f3digo fuente, etc.), as\u00ed como las marcas y dem\u00e1s signos distintivos son propiedad de FIRMA o de terceros, no adquiriendo el Usuario ning\u00fan derecho sobre ellos por el mero uso de esta Web.<\/p>\n<p>El Usuario, deber\u00e1 abstenerse de: a) reproducir, copiar, distribuir, poner a disposici\u00f3n de terceros, comunicar p\u00fablicamente, transformar o modificar los contenidos de esta Web, salvo en los casos contemplados en la ley o expresamente autorizados por el propietario o por el titular de dichos derechos; b) reproducir o copiar para uso privado el software, las im\u00e1genes, los videos o las bases de datos existentes en esta Web, as\u00ed como comunicarlos p\u00fablicamente o ponerlos a disposici\u00f3n de terceros cuando ello conlleve su reproducci\u00f3n; c) extraer o reutilizar los contenidos integrantes de esta Web.<\/p>\n<p>El Usuario que quiera introducir enlaces a esta Web desde sus propias p\u00e1ginas Web estar\u00e1 obligado a cumplir las condiciones siguientes:<\/p>\n<ol style=\"list-style-type: lower-alpha;\">\n<li>el enlace \u00fanicamente vincular\u00e1 con la home page, no pudiendo reproducirla de ninguna forma<\/li>\n<li>no podr\u00e1n establecerse frames o marcos de cualquier tipo que rodeen la Web o permitan visualizarla a trav\u00e9s de direcciones de Internet distintas o conjuntamente con contenidos ajenos a esta Web, de forma que produzca, o pueda producir, error o confusi\u00f3n en los Usuarios sobre la procedencia del servicio o su contenido, implique un acto de comparaci\u00f3n o imitaci\u00f3n desleal, sirva para aprovechar la reputaci\u00f3n, marca y prestigio de FIRMA o se haga de cualquier otro modo que est\u00e9 prohibido por la Ley.<\/li>\n<li>desde la p\u00e1gina que realice el enlace no podr\u00e1 efectuarse ning\u00fan tipo de manifestaci\u00f3n falsa o inexacta sobre la entidad o sobre la calidad de sus productos y servicios<\/li>\n<li>El remitente no podr\u00e1 utilizar la marca o cualquier otro signo distintivo de la entidad dentro de su p\u00e1gina Web, salvo en los casos autorizados por la ley o permitidos expresamente por el titular de la web.<\/li>\n<li>la p\u00e1gina que establezca el enlace deber\u00e1 observar la legalidad vigente y no podr\u00e1 disponer de o enlazar con contenidos il\u00edcitos, nocivos, contrarios a la moral y a las buenas costumbres, que produzcan o puedan producir la falsa idea de qu\u00e9 el titular de la web, respalda o apoya, las ideas, manifestaciones o actuaciones del remitente o que resulten inadecuados en relaci\u00f3n con la actividad desarrollada por la Entidad, teniendo en cuenta los contenidos y la tem\u00e1tica general de la p\u00e1gina Web donde se establezca el enlace.<\/li>\n<\/ol>\n<h2>Responsabilidad de la persona usuaria<\/h2>\n<p>El titular de la web no es responsable de controlar que en esta Web no existan programas maliciosos o cualquier otro elemento inform\u00e1tico da\u00f1ino. Corresponde al Usuario, en todo caso, disponer de herramientas adecuadas para la detecci\u00f3n y desinfecci\u00f3n de estos elementos. De acuerdo con ello, el titular de la web no se responsabiliza de los da\u00f1os producidos a equipos inform\u00e1ticos durante el acceso a la presente Web. Igualmente, no ser\u00e1 responsable de los da\u00f1os producidos a los Usuarios cuando dichos da\u00f1os tengan su origen en fallos o desconexiones en las redes de telecomunicaciones que interrumpan el servicio de esta Web.<\/p>\n<p>Todos los contenidos de la p\u00e1gina web, entendi\u00e9ndose como tales, a t\u00edtulo meramente enunciativo no limitativo, todos textos, documentos, fotograf\u00edas, dibujos, im\u00e1genes, iconos, representaciones gr\u00e1ficas, contenidos audiovisuales o sonoros, as\u00ed como su dise\u00f1o gr\u00e1fico y c\u00f3digo fuente, las marcas, nombres comerciales u otros signos distintivos, son de la titularidad exclusiva de FIRMA o de terceros (siendo \u00e9sta la legitima licenciataria) y est\u00e1n protegidos por las Leyes de Propiedad Industrial e Intelectual.<\/p>\n<p>El acceso por parte de los usuarios a los contenidos del sitio web, no les otorga derechos ni titularidad alguna sobre los mismos.<\/p>\n<p>Queda estrictamente prohibida cualquier modalidad de explotaci\u00f3n, reproducci\u00f3n, distribuci\u00f3n, modificaci\u00f3n, comunicaci\u00f3n p\u00fablica, cesi\u00f3n o transformaci\u00f3n o cualquier otra forma de difusi\u00f3n de la informaci\u00f3n o elementos contenidos en la web mencionados en este apartado, mediante cualquier soporte y medio, no autorizado de forma previa y expresa. El contenido de esta p\u00e1gina web podr\u00e1 \u00fanicamente ser descargado al terminal del usuario siempre que sea para su uso privado y sin ning\u00fan fin comercial.<\/p>\n<p>La infracci\u00f3n de cualquiera de los derechos citados puede constituir una vulneraci\u00f3n de las presentes condiciones y\/o de las leyes de Propiedad Industrial e Intelectual. El titular de la web se reserva la posibilidad de ejercer las acciones legales que correspondan contra los usuarios que violen o infrinjan los derechos de propiedad intelectual y\/o industrial de este website, su informaci\u00f3n o sus contenidos.<\/p>\n<h2>Responsabilidades de la entidad<\/h2>\n<p>Esta Web puede incluir enlaces que permiten al Usuario acceder a otras p\u00e1ginas de Internet. En estos casos, FIRMA s\u00f3lo ser\u00e1 responsable de los contenidos y servicios suministrados a trav\u00e9s de los enlaces en cuanto conozca su ilicitud y no los haya desactivado diligentemente. Si un Usuario considerase que existe un enlace con contenidos il\u00edcitos o inadecuados, nos lo podr\u00e1 indicar, sin que ello suponga que este quede obligado por ello a retirar el correspondiente enlace. El titular de la web, no siempre conoce los contenidos y servicios de los enlaces y por tanto no se hace responsable por los da\u00f1os derivados de su falta de calidad, desactualizaci\u00f3n, indisponibilidad, error, inutilidad o ilegalidad y no responde de las manifestaciones realizadas o de los contenidos o servicios proporcionados a trav\u00e9s de ellos, salvo que sea directamente responsable de la prestaci\u00f3n de dichos servicios.<\/p>\n<p>El Usuario se compromete a hacer un uso correcto de esta Web de conformidad con la Ley, con el presente Aviso Legal y con las dem\u00e1s condiciones, reglamentos e instrucciones que, en su caso, pudieran ser de aplicaci\u00f3n. El Usuario responder\u00e1 frente al titular de la web y frente a terceros de cualesquiera da\u00f1os o perjuicios que pudieran causarse por incumplimiento de estas obligaciones.<\/p>\n<h2>Legislaci\u00f3n aplicable<\/h2>\n<p>El presente Aviso Legal se rige en todos y cada uno de los extremos por la Ley Espa\u00f1ola.<\/p>\n<p>Las prestaciones del servicio de este sitio web, y las presentes condiciones de uso se rigen por la Ley Espa\u00f1ola.<\/p>\n\t\t<\/div>\n\t\t\t\t\n<style>\n#col-35243652 > .col-inner {\n  padding: 0px 0px 30px 0px;\n}\n<\/style>\n\t<\/div>\n\n\t\n<\/div>\n","protected":false},"excerpt":{"rendered":"","protected":false},"author":1,"featured_media":0,"parent":0,"menu_order":0,"comment_status":"closed","ping_status":"closed","template":"page-transparent-header.php","meta":{"footnotes":""},"class_list":["post-1559","page","type-page","status-publish","hentry"],"_links":{"self":[{"href":"https:\/\/xilavogados.com\/gl\/wp-json\/wp\/v2\/pages\/1559","targetHints":{"allow":["GET"]}}],"collection":[{"href":"https:\/\/xilavogados.com\/gl\/wp-json\/wp\/v2\/pages"}],"about":[{"href":"https:\/\/xilavogados.com\/gl\/wp-json\/wp\/v2\/types\/page"}],"author":[{"embeddable":true,"href":"https:\/\/xilavogados.com\/gl\/wp-json\/wp\/v2\/users\/1"}],"replies":[{"embeddable":true,"href":"https:\/\/xilavogados.com\/gl\/wp-json\/wp\/v2\/comments?post=1559"}],"version-history":[{"count":7,"href":"https:\/\/xilavogados.com\/gl\/wp-json\/wp\/v2\/pages\/1559\/revisions"}],"predecessor-version":[{"id":1804,"href":"https:\/\/xilavogados.com\/gl\/wp-json\/wp\/v2\/pages\/1559\/revisions\/1804"}],"wp:attachment":[{"href":"https:\/\/xilavogados.com\/gl\/wp-json\/wp\/v2\/media?parent=1559"}],"curies":[{"name":"wp","href":"https:\/\/api.w.org\/{rel}","templated":true}]}}