{"id":1563,"date":"2021-06-19T07:31:06","date_gmt":"2021-06-19T05:31:06","guid":{"rendered":"https:\/\/xilavogados.com\/politica-de-cookies\/"},"modified":"2026-02-25T22:33:10","modified_gmt":"2026-02-25T21:33:10","slug":"politica-de-cookies","status":"publish","type":"page","link":"https:\/\/xilavogados.com\/gl\/politica-de-cookies\/","title":{"rendered":"Pol\u00edtica de cookies"},"content":{"rendered":"\t<div id=\"stack-936042980\" class=\"stack stack-col justify-start items-stretch\">\n\t\t\n\n\t<section class=\"section\" id=\"section_1689267092\">\n\t\t<div class=\"section-bg fill\" >\n\t\t\t<img loading=\"lazy\" decoding=\"async\" width=\"1920\" height=\"960\" src=\"https:\/\/xilavogados.com\/wp-content\/uploads\/Textos_Legales-Xil_Avogados.jpg\" class=\"bg attachment-original size-original\" alt=\"\" \/>\t\t\t\t\t\t<div class=\"section-bg-overlay absolute fill\"><\/div>\n\t\t\t\n\n\t\t<\/div>\n\n\t\t\n\t<div class=\"ux-shape-divider ux-shape-divider--bottom ux-shape-divider--style-tilt\">\n\t\t<svg viewBox=\"0 0 1000 100\" xmlns=\"http:\/\/www.w3.org\/2000\/svg\" preserveAspectRatio=\"none\">\n\t<path class=\"ux-shape-fill\" d=\"M1000 100V0L-40 100H1000Z\"\/>\n<\/svg>\n\t<\/div>\n\n\t\t<div class=\"section-content relative\">\n\t\t\t\n<div class=\"row align-bottom\"  id=\"row-1472762063\">\n\n\t<div id=\"col-1679037286\" class=\"col medium-8 small-12 large-8\"  >\n\t\t\t\t<div class=\"col-inner\"  >\n\t\t\t\n\t\t\t\n<h1>Pol\u00edtica de cookies<\/h1>\n\n<p><a href=\"#intro\" rel=\"noindex,nofollow\" title=\"Saber m\u00e1is\"><svg class=\"arrows\">\n<path class=\"a1\" d=\"M0 0 L30 32 L60 0\"><\/path>\n<path class=\"a2\" d=\"M0 20 L30 52 L60 20\"><\/path>\n<path class=\"a3\" d=\"M0 40 L30 72 L60 40\"><\/path>\n<\/svg><\/a><br \/>\n\n\t\t<\/div>\n\t\t\t\t\n<style>\n#col-1679037286 > .col-inner {\n  margin: 0px 0px 0px 0px;\n}\n@media (min-width:550px) {\n  #col-1679037286 > .col-inner {\n    margin: 150px 0px 0px 0px;\n  }\n}\n<\/style>\n\t<\/div>\n\n\t\n\n\t<div id=\"col-1870509666\" class=\"col medium-4 small-12 large-4 small-col-first\"  >\n\t\t\t\t<div class=\"col-inner text-center\"  >\n\t\t\t\n\t\t\t\n\t\t<\/div>\n\t\t\t\t\t<\/div>\n\n\t\n<\/div>\n\t\t<\/div>\n\n\t\t\n<style>\n#section_1689267092 {\n  padding-top: 30px;\n  padding-bottom: 30px;\n  min-height: 500px;\n}\n#section_1689267092 .section-bg-overlay {\n  background-color: rgba(255, 213, 4, 0.5);\n}\n#section_1689267092 .ux-shape-divider--bottom svg {\n  height: 40px;\n  --divider-width: 100%;\n}\n<\/style>\n\t<\/section>\n\t\n\n\t<section class=\"section\" id=\"section_1052494507\">\n\t\t<div class=\"section-bg fill\" >\n\t\t\t\t\t\t\t\t\t\n\t\t\t\n\n\t\t<\/div>\n\n\t\t\n\n\t\t<div class=\"section-content relative\">\n\t\t\t\n<div class=\"row\"  id=\"row-1331277300\">\n\n\t<div id=\"col-1779543259\" class=\"col small-12 large-12\"  >\n\t\t\t\t<div class=\"col-inner\"  >\n\t\t\t\n\t\t\t\n\n<p><small style=\"color: var(--secondary-color)\">\u25a0 <span><span><a href=\"https:\/\/xilavogados.com\/gl\/\">Xil Avogados<\/a><\/span><\/span><\/small><br \/>\n\n<span class=\"scroll-to\" data-label=\"Scroll to: #intro\" data-bullet=\"false\" data-link=\"#intro\" data-title=\"#intro\"><a name=\"intro\"><\/a><\/span>\n<div class=\"is-divider divider clearfix\" style=\"max-width:100%;height:1px;background-color:rgb(255, 213, 4);\"><\/div>\n\t\t<\/div>\n\t\t\t\t\t<\/div>\n\n\t\n<\/div>\n\t\t<\/div>\n\n\t\t\n<style>\n#section_1052494507 {\n  padding-top: 30px;\n  padding-bottom: 30px;\n}\n<\/style>\n\t<\/section>\n\t\n\t\t\n<style>\n#stack-936042980 > * {\n  --stack-gap: 0rem;\n}\n<\/style>\n\t<\/div>\n\t\n<div class=\"row\"  id=\"row-310070932\">\n\n\t<div id=\"col-1680372179\" class=\"col small-12 large-12\"  >\n\t\t\t\t<div class=\"col-inner\"  >\n\t\t\t\n\t\t\t\n<h2>\u00bfQu\u00e9 es una Cookie?<\/h2>\n<p>Unha Cookie \u00e9 un pequeno ficheiro de texto que un sitio web coloca no seu PC, tel\u00e9fono ou calquera outro dispositivo, con informaci\u00f3n sobre a s\u00faa navegaci\u00f3n nese sitio. As Cookies son necesarias para facilitar a navegaci\u00f3n e facela m\u00e1is amigable.<\/p>\n<p>A\u00ednda que na presente pol\u00edtica se utiliza o termo xeral de \u201cCookie\u201d, pois \u00e9 o principal m\u00e9todo de almacenamento de informaci\u00f3n que utiliza este sitio web, tam\u00e9n se utiliza o espazo de \u201cAlmacenamento local\u201d do navegador para os mesmos prop\u00f3sitos que as Cookies. Neste sentido, toda a informaci\u00f3n inclu\u00edda nesta secci\u00f3n \u00e9 aplicable igualmente a este \u201cAlmacenamento local\u201d.<\/p>\n<h2>\u00bfPara qu\u00e9 se utilizan las Cookies en este sitio web?<\/h2>\n<p>As Cookies son unha parte esencial de c\u00f3mo funciona o noso sitio web. O obxectivo principal das nosas Cookies \u00e9 mellorar a s\u00faa experiencia na navegaci\u00f3n. Por exemplo, son utilizadas para lembrar as s\u00faas preferencias durante a navegaci\u00f3n e en futuras visitas.<br \/>A informaci\u00f3n recollida nas Cookies perm\u00edtennos, ademais, mellorar a web mediante estimaci\u00f3ns sobre n\u00fameros e patr\u00f3ns de uso, a adaptaci\u00f3n do sitio web aos intereses individuais dos usuarios, a aceleraci\u00f3n das buscas, etc. <\/p>\n<h2>\u00bfQui\u00e9n utiliza la informaci\u00f3n almacenada en las Cookies? <\/h2>\n<p>A informaci\u00f3n almacenada nas Cookies do noso sitio web \u00fasase exclusivamente por n\u00f3s e non usamos \u201cCookies de terceiros\u201d (xestionadas por entidades externas para proporcionar servizos solicitados para mellorar servizos e a experiencia do usuario ao navegar nun sitio web). <\/p>\n<h2>\u00bfC\u00f3mo puedo evitar el uso de Cookies en este sitio web?<\/h2>\n<p>Se vostede prefire evitar o uso de Cookies nesta p\u00e1xina tendo en conta as limitaci\u00f3ns anteriores debe, en primeiro lugar, deshabilitar no seu navegador o uso de Cookies e, en segundo lugar, eliminar as Cookies gardadas no seu navegador asociadas a este sitio web.<\/p>\n<p>Esta posibilidade de evitar o uso de Cookies pode ser levada a cabo por vostede en calquera momento.<\/p>\n<p>Os diferentes navegadores proporcionan diferentes m\u00e9todos para bloquear e eliminar as cookies utilizadas polos sitios web. Pode cambiar a configuraci\u00f3n do seu navegador para bloquear \/ eliminar as cookies. Para obter m\u00e1is informaci\u00f3n sobre como administrar e eliminar as cookies, visite <a href=\"https:\/\/en.wikipedia.org\/wiki\/HTTP_cookie\" rel=\"nofollow noopener\" target=\"_blank\">wikipedia.org<\/a> . , <a href=\"http:\/\/www.allaboutcookies.org\/\" rel=\"nofollow noopener\" target=\"_blank\"> www.allaboutcookies.org. <\/a> <\/p>\n<h2>\u00bfQu\u00e9 Cookies concretas utiliza este sitio web y para qu\u00e9 finalidades?<\/h2>\n<p>A continuaci\u00f3n, incl\u00faese un cadro coas Cookies, que podemos activar ou desactivar as utilizadas por este sitio web, xunto coa descrici\u00f3n e exemplo de uso das mesmas:<\/p>\n\n<div>\n<h3>Necesario<\/h3>\n<div>\n<p>As cookies necesarias son esenciais para funci\u00f3ns b\u00e1sicas como a seguridade, a xesti\u00f3n de idiomas e o funcionamento do carri\u00f1o da compra. O sitio non funcionar\u00e1 correctamente sen elas. <\/p>\n<\/div>\n<div>\n<table>\n<thead>\n<tr>\n<th>Cookie<\/th>\n<th>Duraci\u00f3n<\/th>\n<th>Descrici\u00f3n<\/th>\n<\/tr>\n<\/thead>\n<tbody>\n<tr>\n<td>CookieConsent<\/td>\n<td>1 ano<\/td>\n<td>Garda o estado do consentimento das cookies do usuario.<\/td>\n<\/tr>\n<tr>\n<td>cf_clearance<\/td>\n<td>1 ano<\/td>\n<td>Usado por Cloudflare para a seguridade dos torniquetes, verificando que o visitante \u00e9 humano e non un bot.<\/td>\n<\/tr>\n<tr>\n<td>_icl_visitor_lang_js<\/td>\n<td>1 d\u00eda<\/td>\n<td>Almacena o idioma preferido do visitante detectado mediante JavaScript.<\/td>\n<\/tr>\n<tr>\n<td>wp-wpml_current_language<\/td>\n<td>1 d\u00eda<\/td>\n<td>Garda o idioma da sesi\u00f3n actual para mostrar o contido correcto.<\/td>\n<\/tr>\n<tr>\n<td>woocommerce_cart_hash<\/td>\n<td>Sesi\u00f3n<\/td>\n<td>Axuda a identificar cando cambia o contido do carri\u00f1o.<\/td>\n<\/tr>\n<tr>\n<td>woocommerce_items_in_cart<\/td>\n<td>Sesi\u00f3n<\/td>\n<td>Perm\u00edteche saber que hai artigos no carri\u00f1o para que se mante\u00f1an durante a navegaci\u00f3n.<\/td>\n<\/tr>\n<tr>\n<td>wp_woocommerce_session_*<\/td>\n<td>2 d\u00edas<\/td>\n<td>C\u00f3digo \u00fanico que vincula o usuario ao seu carri\u00f1o da compra e aos datos do pedido na base de datos.<\/td>\n<\/tr>\n<tr>\n<td>wordpress_test_cookie<\/td>\n<td>Sesi\u00f3n<\/td>\n<td>Comproba se o navegador acepta cookies.<\/td>\n<\/tr>\n<tr>\n<td>wp-settings-*<\/td>\n<td>1 ano<\/td>\n<td>Garda a configuraci\u00f3n da interface de usuario.<\/td>\n<\/tr>\n<\/tbody>\n<\/table><\/div>\n<h3>Anal\u00edtica<\/h3>\n<div>\n<p>As cookies anal\u00edticas util\u00edzanse para comprender como interact\u00faan os usuarios co sitio (p\u00e1xinas m\u00e1is vistas, tempo de visita, fonte de tr\u00e1fico).<\/p>\n<\/div>\n<div>\n<table>\n<thead>\n<tr>\n<th>Cookie<\/th>\n<th>Duraci\u00f3n<\/th>\n<th>Descrici\u00f3n<\/th>\n<\/tr>\n<\/thead>\n<tbody>\n<tr>\n<td>_ga<\/td>\n<td>1 ano 1 mes<\/td>\n<td>ID principal de Google Analytics para distinguir usuarios de forma an\u00f3nima.<\/td>\n<\/tr>\n<tr>\n<td>_ga_*<\/td>\n<td>1 ano e 1 mes<\/td>\n<td>Mant\u00e9n o estado da sesi\u00f3n e o fluxo de navegaci\u00f3n en GA4.<\/td>\n<\/tr>\n<tr>\n<td>_gcl_au<\/td>\n<td>3 meses<\/td>\n<td>Proporcionado por Google Tag Manager para medir a eficiencia da publicidade e o tr\u00e1fico de conversi\u00f3n.<\/td>\n<\/tr>\n<\/tbody>\n<\/table><\/div>\n<\/div>\n\n\t\t<\/div>\n\t\t\t\t\n<style>\n#col-1680372179 > .col-inner {\n  padding: 0px 0px 30px 0px;\n}\n<\/style>\n\t<\/div>\n\n\t\n<\/div>\n","protected":false},"excerpt":{"rendered":"","protected":false},"author":1,"featured_media":0,"parent":0,"menu_order":0,"comment_status":"closed","ping_status":"closed","template":"page-transparent-header.php","meta":{"footnotes":""},"class_list":["post-1563","page","type-page","status-publish","hentry"],"_links":{"self":[{"href":"https:\/\/xilavogados.com\/gl\/wp-json\/wp\/v2\/pages\/1563","targetHints":{"allow":["GET"]}}],"collection":[{"href":"https:\/\/xilavogados.com\/gl\/wp-json\/wp\/v2\/pages"}],"about":[{"href":"https:\/\/xilavogados.com\/gl\/wp-json\/wp\/v2\/types\/page"}],"author":[{"embeddable":true,"href":"https:\/\/xilavogados.com\/gl\/wp-json\/wp\/v2\/users\/1"}],"replies":[{"embeddable":true,"href":"https:\/\/xilavogados.com\/gl\/wp-json\/wp\/v2\/comments?post=1563"}],"version-history":[{"count":9,"href":"https:\/\/xilavogados.com\/gl\/wp-json\/wp\/v2\/pages\/1563\/revisions"}],"predecessor-version":[{"id":1800,"href":"https:\/\/xilavogados.com\/gl\/wp-json\/wp\/v2\/pages\/1563\/revisions\/1800"}],"wp:attachment":[{"href":"https:\/\/xilavogados.com\/gl\/wp-json\/wp\/v2\/media?parent=1563"}],"curies":[{"name":"wp","href":"https:\/\/api.w.org\/{rel}","templated":true}]}}