{"id":1567,"date":"2021-06-18T12:04:19","date_gmt":"2021-06-18T10:04:19","guid":{"rendered":"https:\/\/xilavogados.com\/politica-de-privacidad\/"},"modified":"2023-12-18T09:07:55","modified_gmt":"2023-12-18T08:07:55","slug":"politica-de-privacidade","status":"publish","type":"page","link":"https:\/\/xilavogados.com\/gl\/politica-de-privacidade\/","title":{"rendered":"Pol\u00edtica de privacidade"},"content":{"rendered":"\t<div id=\"stack-1583369781\" class=\"stack stack-col justify-start items-stretch\">\n\t\t\n\n\t<section class=\"section\" id=\"section_764145886\">\n\t\t<div class=\"section-bg fill\" >\n\t\t\t<img loading=\"lazy\" decoding=\"async\" width=\"1920\" height=\"960\" src=\"https:\/\/xilavogados.com\/wp-content\/uploads\/Textos_Legales-Xil_Avogados.jpg\" class=\"bg attachment-original size-original\" alt=\"\" \/>\t\t\t\t\t\t<div class=\"section-bg-overlay absolute fill\"><\/div>\n\t\t\t\n\n\t\t<\/div>\n\n\t\t\n\t<div class=\"ux-shape-divider ux-shape-divider--bottom ux-shape-divider--style-tilt\">\n\t\t<svg viewBox=\"0 0 1000 100\" xmlns=\"http:\/\/www.w3.org\/2000\/svg\" preserveAspectRatio=\"none\">\n\t<path class=\"ux-shape-fill\" d=\"M1000 100V0L-40 100H1000Z\"\/>\n<\/svg>\n\t<\/div>\n\n\t\t<div class=\"section-content relative\">\n\t\t\t\n<div class=\"row align-bottom\"  id=\"row-889089066\">\n\n\t<div id=\"col-725036726\" class=\"col medium-8 small-12 large-8\"  >\n\t\t\t\t<div class=\"col-inner\"  >\n\t\t\t\n\t\t\t\n<h1>Pol\u00edtica de privacidade<\/h1>\n\n<p><a href=\"#intro\" rel=\"noindex,nofollow\" title=\"Saber m\u00e1s\"><svg class=\"arrows\">\n<path class=\"a1\" d=\"M0 0 L30 32 L60 0\"><\/path>\n<path class=\"a2\" d=\"M0 20 L30 52 L60 20\"><\/path>\n<path class=\"a3\" d=\"M0 40 L30 72 L60 40\"><\/path>\n<\/svg><\/a><br \/>\n\n\t\t<\/div>\n\t\t\t\t\n<style>\n#col-725036726 > .col-inner {\n  margin: 0px 0px 0px 0px;\n}\n@media (min-width:550px) {\n  #col-725036726 > .col-inner {\n    margin: 150px 0px 0px 0px;\n  }\n}\n<\/style>\n\t<\/div>\n\n\t\n\n\t<div id=\"col-4436975\" class=\"col medium-4 small-12 large-4 small-col-first\"  >\n\t\t\t\t<div class=\"col-inner text-center\"  >\n\t\t\t\n\t\t\t\n\t\t<\/div>\n\t\t\t\t\t<\/div>\n\n\t\n<\/div>\n\t\t<\/div>\n\n\t\t\n<style>\n#section_764145886 {\n  padding-top: 30px;\n  padding-bottom: 30px;\n  min-height: 500px;\n}\n#section_764145886 .section-bg-overlay {\n  background-color: rgba(255, 213, 4, 0.5);\n}\n#section_764145886 .ux-shape-divider--bottom svg {\n  height: 40px;\n  --divider-width: 100%;\n}\n<\/style>\n\t<\/section>\n\t\n\n\t<section class=\"section\" id=\"section_1493447692\">\n\t\t<div class=\"section-bg fill\" >\n\t\t\t\t\t\t\t\t\t\n\t\t\t\n\n\t\t<\/div>\n\n\t\t\n\n\t\t<div class=\"section-content relative\">\n\t\t\t\n<div class=\"row\"  id=\"row-1602516297\">\n\n\t<div id=\"col-701045939\" class=\"col small-12 large-12\"  >\n\t\t\t\t<div class=\"col-inner\"  >\n\t\t\t\n\t\t\t\n\n<p><small style=\"color: var(--secondary-color)\">\u25a0 <span><span><a href=\"https:\/\/xilavogados.com\/gl\/\">Xil Avogados<\/a><\/span><\/span><\/small><br \/>\n\n<span class=\"scroll-to\" data-label=\"Scroll to: #intro\" data-bullet=\"false\" data-link=\"#intro\" data-title=\"#intro\"><a name=\"intro\"><\/a><\/span>\n<div class=\"is-divider divider clearfix\" style=\"max-width:100%;height:1px;background-color:rgb(255, 213, 4);\"><\/div>\n\t\t<\/div>\n\t\t\t\t\t<\/div>\n\n\t\n<\/div>\n\t\t<\/div>\n\n\t\t\n<style>\n#section_1493447692 {\n  padding-top: 30px;\n  padding-bottom: 30px;\n}\n<\/style>\n\t<\/section>\n\t\n\t\t\n<style>\n#stack-1583369781 > * {\n  --stack-gap: 0rem;\n}\n<\/style>\n\t<\/div>\n\t\n<div class=\"row\"  id=\"row-210056150\">\n\n\t<div id=\"col-925804308\" class=\"col small-12 large-12\"  >\n\t\t\t\t<div class=\"col-inner text-left\"  >\n\t\t\t\n\t\t\t\n<p>Na nosa Entidade, adaptamos os nosos protocolos e pol\u00edticas de privacidade ao Regulamento Europeo de Protecci\u00f3n de Datos 679\/2016 (RGPD) e \u00e1 LO 3\/2018, do 5 de decembro, de Protecci\u00f3n de Datos persoais e garant\u00eda dos dereitos dixitais, xa que nos preocupa a seguridade e a protecci\u00f3n dos datos que tratamos.<\/p>\n<h2>1.- Quen \u00e9 o responsable do tratamento de datos<\/h2>\n<p>Xil Alfonso L\u00f3pez P\u00e9rez, con domicilio en R\u00faa da Ponte, n.\u00ba 3, 4.\u00ba A, da Pobra do Carami\u00f1al, \u00e9 o responsable do correcto tratamento dos seus datos. Pode Vd. consultar sobre este tratamento a trav\u00e9s do seguinte mail <a href=\"mailto:info@xilavogados.com\">info@xilavogados.com<\/a>.<\/p>\n<h2>2.- Para qu\u00e9 utilizamos os seus datos<\/h2>\n<p>En Xil Avogados tratamos a informaci\u00f3n que nos facilitan as persoas interesadas co fin de:<\/p>\n<ul>\n<li>Cumprir coas prestaci\u00f3ns e servizos que subscribamos co cliente.<\/li>\n<li>Tramitar e xestionar as solicitudes realizadas en relaci\u00f3n a produtos, servizos e incluso os curr\u00edculos vitae que pudi\u00e9ramos recibir e tratar.<\/li>\n<li>Xestionar a suscrici\u00f3n \u00e1 nosa Newsletter de forma peri\u00f3dica.<\/li>\n<\/ul>\n<h2>3.- C\u00e1l \u00e9 a base legal para o tratamento dos datos<\/h2>\n<p>A utilizaci\u00f3n dos datos que nos facilitou a trav\u00e9s do consentimento, \u00e9 necesaria para a correcta xesti\u00f3n das relaci\u00f3ns cos usuarios e, ademais, poder cumprir coas obrigas legais.<\/p>\n<p>En calquera momento pode manifestar a s\u00faa oposici\u00f3n ao uso dos seus datos e, por iso, deixar sen efecto calquera tipo de xesti\u00f3n cos mesmos, quedando \u00fanicamente os seus datos bloqueados durante o tempo legalmente previsto. Comunicarlle que o non consentimento pode conlevar que os servizos sexan imposibles de prestar.<\/p>\n<h2>4.- Comunicaci\u00f3n de datos<\/h2>\n<p>En principio non se ceder\u00e1n datos salvo obrigaci\u00f3n legal.<\/p>\n<p>Agora ben, compartiremos os seus datos con prestadores de servizos que nos axudan ou dan soporte, ou colaboradores externos cos que chegamos a acordos.<\/p>\n<h2>5.- Conservaci\u00f3n de datos<\/h2>\n<p>Solamente conservaremos os seus datos persoais durante o tempo necesario para cumprir coa finalidade para a que se recaban, mentres mantemos unha relaci\u00f3n contractual, mentres exista un requisito legal que o obrigue ou mentres Vd. non exerza ning\u00fan dos dereitos que fagan que non poidamos tratar os seus datos.<\/p>\n<h2>6.- C\u00f3mo podo exercer os meus dereitos<\/h2>\n<p>Como titular de dereitos, Vd. ten o control dos seus datos e, por iso, en calquera momento pode exercitar os seus dereitos, envi\u00e1ndonos un mail <a href=\"mailto:xilafonte@gmail.com\">xilafonte@gmail.com<\/a><\/p>\n<p>Os dereitos que pode exercitar son:<\/p>\n<ul>\n<li>Acceso \u2013 Poder\u00e1 consultar os seus datos persoais tratados por esta Entidade<\/li>\n<li>Rectificaci\u00f3n \u2013 Poder\u00e1 modificar os seus datos persoais cando sexan inexactos<\/li>\n<li>Supresi\u00f3n \u2013 Poder\u00e1 solicitar a eliminaci\u00f3n dos seus datos persoais<\/li>\n<li>Oposici\u00f3n \u2013 Poder\u00e1 solicitar que non se trate alg\u00fan dos seus datos persoais<\/li>\n<li>Limitaci\u00f3n do Tratamento \u2013 Poder\u00e1 solicitar a limitaci\u00f3n ao tratamento dos seus datos persoais en determinadas circunstancias<\/li>\n<li>Portabilidade \u2013 Poder\u00e1 recibir os datos persoais que nos facilitou ou que obtivemos na nosa relaci\u00f3n contractual, as\u00ed como transmitilos a outra Entidade<\/li>\n<\/ul>\n<p>Inf\u00f3rmase aos usuarios de que ten dereito a revocar o consentimento en calquera momento, sen que iso afecte \u00e1 licitude do tratamento baseado no consentimento previo \u00e1 s\u00faa retirada.<\/p>\n<p>As\u00ed mesmo inf\u00f3rmase aos interesados de que poden presentar unha reclamaci\u00f3n ante a Autoridade de Control en materia de Protecci\u00f3n de Datos competente, especialmente cando non obtivo satisfacci\u00f3n no exercicio dos seus dereitos.<\/p>\n<p>Para exercitar os seus dereitos, acompa\u00f1e \u00e1 s\u00faa solicitude unha copia do seu DNI ou documento equivalente acreditativo da s\u00faa identidade.<\/p>\n\t\t<\/div>\n\t\t\t\t\n<style>\n#col-925804308 > .col-inner {\n  padding: 0px 0px 30px 0px;\n}\n<\/style>\n\t<\/div>\n\n\t\n<\/div>\n","protected":false},"excerpt":{"rendered":"","protected":false},"author":1,"featured_media":0,"parent":0,"menu_order":0,"comment_status":"closed","ping_status":"closed","template":"page-transparent-header.php","meta":{"footnotes":""},"class_list":["post-1567","page","type-page","status-publish","hentry"],"_links":{"self":[{"href":"https:\/\/xilavogados.com\/gl\/wp-json\/wp\/v2\/pages\/1567","targetHints":{"allow":["GET"]}}],"collection":[{"href":"https:\/\/xilavogados.com\/gl\/wp-json\/wp\/v2\/pages"}],"about":[{"href":"https:\/\/xilavogados.com\/gl\/wp-json\/wp\/v2\/types\/page"}],"author":[{"embeddable":true,"href":"https:\/\/xilavogados.com\/gl\/wp-json\/wp\/v2\/users\/1"}],"replies":[{"embeddable":true,"href":"https:\/\/xilavogados.com\/gl\/wp-json\/wp\/v2\/comments?post=1567"}],"version-history":[{"count":8,"href":"https:\/\/xilavogados.com\/gl\/wp-json\/wp\/v2\/pages\/1567\/revisions"}],"predecessor-version":[{"id":1655,"href":"https:\/\/xilavogados.com\/gl\/wp-json\/wp\/v2\/pages\/1567\/revisions\/1655"}],"wp:attachment":[{"href":"https:\/\/xilavogados.com\/gl\/wp-json\/wp\/v2\/media?parent=1567"}],"curies":[{"name":"wp","href":"https:\/\/api.w.org\/{rel}","templated":true}]}}